{"id":97,"date":"2026-03-17T19:52:07","date_gmt":"2026-03-17T19:52:07","guid":{"rendered":"https:\/\/mariegold.ch\/?page_id=97"},"modified":"2026-03-25T15:47:50","modified_gmt":"2026-03-25T15:47:50","slug":"ueber-das-projekt","status":"publish","type":"page","link":"https:\/\/mariegold.ch\/index.php\/ueber-das-projekt\/","title":{"rendered":"\u00dcber das Projekt"},"content":{"rendered":"\n<p style=\"letter-spacing:1px\">Das Projekt bewegt sich an der Schnittstelle von Landwirtschaft, Handwerk und Design und versteht den Hof als Living Lab f\u00fcr alternative, verantwortungsvollere Formen der Textilproduktion. Im Fokus stehen F\u00e4rberpflanzenanbau, nat\u00fcrliche F\u00e4rbeprozesse und Schafhaltung in einem lokal verankerten, regenerativen System. Erg\u00e4nzend entstehen Wertsch\u00f6pfungsketten durch Saatgut, F\u00e4rbematerialien, nat\u00fcrlich gef\u00e4rbte Garne und gestrickte Textilien.<\/p>\n\n\n\n<p style=\"letter-spacing:1px\">Die Idee ist, den Hof meiner Grossmutter als eine Art Experimentier-Ort (Living Lab) zu nutzen. Dort will ich praktisch ausprobieren, wie der Anbau von F\u00e4rberpflanzen, nat\u00fcrliche F\u00e4rbeverfahren und die Haltung von Schafen helfen k\u00f6nnen, Textilien nachhaltiger und nachvollziehbarer herzustellen. Gleichzeitig soll daraus ein Gesch\u00e4ftsmodell entstehen, das wirtschaftlich funktioniert.<\/p>\n","protected":false},"excerpt":{"rendered":"<p>Das Projekt bewegt sich an der Schnittstelle von Landwirtschaft, Handwerk und Design und versteht den Hof als Living Lab f\u00fcr alternative, verantwortungsvollere Formen der Textilproduktion. Im Fokus stehen F\u00e4rberpflanzenanbau, nat\u00fcrliche F\u00e4rbeprozesse und Schafhaltung in einem lokal verankerten, regenerativen System. Erg\u00e4nzend entstehen Wertsch\u00f6pfungsketten durch Saatgut, F\u00e4rbematerialien, nat\u00fcrlich gef\u00e4rbte Garne und gestrickte Textilien. Die Idee ist, den [&hellip;]<\/p>\n","protected":false},"author":3,"featured_media":0,"parent":0,"menu_order":0,"comment_status":"closed","ping_status":"closed","template":"","meta":{"footnotes":""},"class_list":["post-97","page","type-page","status-publish","hentry"],"_links":{"self":[{"href":"https:\/\/mariegold.ch\/index.php\/wp-json\/wp\/v2\/pages\/97","targetHints":{"allow":["GET"]}}],"collection":[{"href":"https:\/\/mariegold.ch\/index.php\/wp-json\/wp\/v2\/pages"}],"about":[{"href":"https:\/\/mariegold.ch\/index.php\/wp-json\/wp\/v2\/types\/page"}],"author":[{"embeddable":true,"href":"https:\/\/mariegold.ch\/index.php\/wp-json\/wp\/v2\/users\/3"}],"replies":[{"embeddable":true,"href":"https:\/\/mariegold.ch\/index.php\/wp-json\/wp\/v2\/comments?post=97"}],"version-history":[{"count":4,"href":"https:\/\/mariegold.ch\/index.php\/wp-json\/wp\/v2\/pages\/97\/revisions"}],"predecessor-version":[{"id":166,"href":"https:\/\/mariegold.ch\/index.php\/wp-json\/wp\/v2\/pages\/97\/revisions\/166"}],"wp:attachment":[{"href":"https:\/\/mariegold.ch\/index.php\/wp-json\/wp\/v2\/media?parent=97"}],"curies":[{"name":"wp","href":"https:\/\/api.w.org\/{rel}","templated":true}]}}