{"id":103,"date":"2026-03-17T19:26:53","date_gmt":"2026-03-17T19:26:53","guid":{"rendered":"https:\/\/mariegold.ch\/?page_id=103"},"modified":"2026-03-25T15:46:48","modified_gmt":"2026-03-25T15:46:48","slug":"ueber-mich","status":"publish","type":"page","link":"https:\/\/mariegold.ch\/index.php\/ueber-mich\/","title":{"rendered":"\u00dcber mich"},"content":{"rendered":"\n<p style=\"font-size:clamp(1.502rem, 1.502rem + ((1vw - 0.2rem) * 1.663), 2.5rem);\">Hallo!<\/p>\n\n\n\n<p style=\"letter-spacing:1px\">Ich bin Anna und auf dem Bauernhof meiner Grosseltern aufgewachsen. Als Kind wollte ich unbedingt B\u00e4uerin werden, sp\u00e4ter habe ich Mode-Design studiert &#8211; eine v\u00f6llig andere Welt. Hinter dem Vorhang dieser Welt entdeckte ich jedoch schnell die Schattenseiten und begann mich zu hinterfragen, ob ich \u00fcberhaupt mit dem Studium weitermachen m\u00f6chte. Doch dann dachte ich mir: Wenn alle aufh\u00f6ren, \u00e4ndert sich nie etwas. Also suchte ich nach Alternativen.<\/p>\n\n\n\n<p style=\"letter-spacing:1px\">W\u00e4hrend meiner Bachelorarbeit besch\u00e4ftigte ich mich intensiv mit dem Garten und dem Anbau von F\u00e4rberpflanzen. Ich legte selbst einen Garten an und s\u00e4te Pflanzen f\u00fcr sp\u00e4tere F\u00e4rbungen. Beim J\u00e4ten &#8211; und das muss man oft im Garten &#8211; wurde mir pl\u00f6tzlich klar, wie eng Mode und Landwirtschaft miteinander verbunden sind. So wurde der Samen f\u00fcr dieses Projekt ges\u00e4t. Im Masterstudium pflege ich die \u00abPflanze\u00bb, die daraus gewachsen ist, nun weiter. Um das Projekt auf dem Hof meiner Grossmutter realisieren zu k\u00f6nnen, mache ich aktuell die Ausbildung zur B\u00e4uerin mit Fachausweis.<\/p>\n\n\n\n<figure class=\"wp-block-image alignright size-large is-resized\"><img loading=\"lazy\" decoding=\"async\" width=\"996\" height=\"1024\" src=\"https:\/\/mariegold.ch\/wp-content\/uploads\/2026\/03\/000080600032-scaled-e1773755569133-996x1024.jpg\" alt=\"\" class=\"wp-image-47\" style=\"aspect-ratio:0.75;object-fit:cover;width:235px;height:auto\" srcset=\"https:\/\/mariegold.ch\/wp-content\/uploads\/2026\/03\/000080600032-scaled-e1773755569133-996x1024.jpg 996w, https:\/\/mariegold.ch\/wp-content\/uploads\/2026\/03\/000080600032-scaled-e1773755569133-292x300.jpg 292w, https:\/\/mariegold.ch\/wp-content\/uploads\/2026\/03\/000080600032-scaled-e1773755569133-768x790.jpg 768w, https:\/\/mariegold.ch\/wp-content\/uploads\/2026\/03\/000080600032-scaled-e1773755569133.jpg 1378w\" sizes=\"auto, (max-width: 996px) 100vw, 996px\" \/><\/figure>\n\n\n\n<p><\/p>\n","protected":false},"excerpt":{"rendered":"<p>Hallo! Ich bin Anna und auf dem Bauernhof meiner Grosseltern aufgewachsen. Als Kind wollte ich unbedingt B\u00e4uerin werden, sp\u00e4ter habe ich Mode-Design studiert &#8211; eine v\u00f6llig andere Welt. Hinter dem Vorhang dieser Welt entdeckte ich jedoch schnell die Schattenseiten und begann mich zu hinterfragen, ob ich \u00fcberhaupt mit dem Studium weitermachen m\u00f6chte. Doch dann dachte [&hellip;]<\/p>\n","protected":false},"author":3,"featured_media":0,"parent":0,"menu_order":0,"comment_status":"closed","ping_status":"closed","template":"","meta":{"footnotes":""},"class_list":["post-103","page","type-page","status-publish","hentry"],"_links":{"self":[{"href":"https:\/\/mariegold.ch\/index.php\/wp-json\/wp\/v2\/pages\/103","targetHints":{"allow":["GET"]}}],"collection":[{"href":"https:\/\/mariegold.ch\/index.php\/wp-json\/wp\/v2\/pages"}],"about":[{"href":"https:\/\/mariegold.ch\/index.php\/wp-json\/wp\/v2\/types\/page"}],"author":[{"embeddable":true,"href":"https:\/\/mariegold.ch\/index.php\/wp-json\/wp\/v2\/users\/3"}],"replies":[{"embeddable":true,"href":"https:\/\/mariegold.ch\/index.php\/wp-json\/wp\/v2\/comments?post=103"}],"version-history":[{"count":4,"href":"https:\/\/mariegold.ch\/index.php\/wp-json\/wp\/v2\/pages\/103\/revisions"}],"predecessor-version":[{"id":165,"href":"https:\/\/mariegold.ch\/index.php\/wp-json\/wp\/v2\/pages\/103\/revisions\/165"}],"wp:attachment":[{"href":"https:\/\/mariegold.ch\/index.php\/wp-json\/wp\/v2\/media?parent=103"}],"curies":[{"name":"wp","href":"https:\/\/api.w.org\/{rel}","templated":true}]}}